
{"id":96,"date":"2023-07-02T14:14:42","date_gmt":"2023-07-02T12:14:42","guid":{"rendered":"https:\/\/handwerksquartier.de\/?page_id=96"},"modified":"2024-07-30T06:45:32","modified_gmt":"2024-07-30T04:45:32","slug":"immobilien","status":"publish","type":"page","link":"https:\/\/handwerksquartier.de\/index.php\/immobilien\/","title":{"rendered":"Immobilien"},"content":{"rendered":"<h3 style=\"text-align: center;\">Derzeit haben wir folgende Objekte in der Verwaltung:<\/h3>\r\n<h4 style=\"text-align: center;\">Gewerbe:<\/h4>\r\n<h6 style=\"text-align: center;\">\/\/Das HandwerksQuartier \/\/\u00a0 <\/h6>\r\n<p class=\"has-text-align-center has-normal-font-size\" style=\"text-align: center;\">Werkst\u00e4tten, Ateliers, Handel und Handwerk.<\/p>\r\n<p class=\"has-text-align-center has-normal-font-size\" style=\"text-align: center;\">Gewerbeparzellen und B\u00fcros kurz- und langfristig anmietbar. Freie Fl\u00e4chen und Mietangebote in Immowelt zu finden unter B\u00fcro\/Praxen Geretsried\u00a0 Dieselweg 12<\/p>\r\n<!-- \/wp:paragraph -->\r\n\r\n<!-- wp:paragraph {\"align\":\"center\",\"fontSize\":\"normal\"} --><!-- \/wp:paragraph -->\r\n\r\n<!-- wp:paragraph {\"fontSize\":\"normal\"} --><!-- \/wp:paragraph -->\r\n\r\n<!-- wp:paragraph {\"align\":\"center\",\"fontSize\":\"normal\"} --><!-- \/wp:paragraph -->\r\n\r\n<!-- wp:paragraph {\"align\":\"center\",\"fontSize\":\"normal\"} --><!-- \/wp:paragraph -->\r\n\r\n<!-- wp:paragraph {\"align\":\"center\",\"fontSize\":\"normal\"} --><!-- \/wp:paragraph -->\r\n\r\n<!-- wp:paragraph {\"align\":\"center\",\"fontSize\":\"normal\"} --><!-- \/wp:paragraph -->\r\n\r\n<!-- wp:paragraph {\"align\":\"center\",\"fontSize\":\"normal\"} --><!-- \/wp:paragraph -->\r\n\r\n<!-- wp:paragraph {\"align\":\"center\",\"fontSize\":\"normal\"} --><!-- \/wp:paragraph -->\r\n\r\n<!-- wp:paragraph {\"align\":\"center\",\"fontSize\":\"normal\"} --><!-- \/wp:paragraph -->\r\n\r\n<!-- wp:paragraph {\"align\":\"center\",\"fontSize\":\"normal\"} -->\r\n<h6 style=\"text-align: center;\">\/\/Die Werk-Statt\/\/ \u00a0\u00a0\u00a0 <\/h6>\r\n<p style=\"text-align: center;\">Gewerbehalle Geretsried. Vermietet<\/p>\r\n<h4 style=\"text-align: center;\">Wohnobjekte:<\/h4>\r\n<h6 style=\"text-align: center;\">\/\/PaulKlee\/\/<\/h6>\r\n<p style=\"text-align: center;\">Reihenmittelhaus in Markt Schwaben,\u00a0 Vermietet.<\/p>\r\n<h6 style=\"text-align: center;\">\/\/Alpspitz\/\/<\/h6>\r\n<p style=\"text-align: center;\">2 Doppelhaush\u00e4lften Stadt Geretsried. \u00a0\u00a0 Vermietet.<\/p>\r\n<h6 style=\"text-align: center;\">\/\/Maiskolben\/\/<\/h6>\r\n<p style=\"text-align: center;\">2\u00a0 2-Zimmer Appartments mit 51 m2 22. Etage\u00a0 Vermietet.\u00a0<\/p>\r\n<p style=\"text-align: center;\">2-Zimmerwohnung mit 92m2\u00a0 30. Etage. Vermietet.<\/p>\r\n<h6 style=\"text-align: center;\">\/\/Stollberg\/\/<\/h6>\r\n<p style=\"text-align: center;\">Dachgescho\u00df Wohnung mit 100m2 M\u00fcnchen Altstadt Stadteil Graggenau Vermietet.<\/p>\r\n<h6 style=\"text-align: center;\">\/\/PARTenkirchner\/\/<\/h6>\r\n<p style=\"text-align: center;\">Wohnhaus M\u00fcnchen Sendling.\u00a0\u00a0 Vermietet.<\/p>\r\n<h6 style=\"text-align: center;\">\/\/Klinger\/\/<\/h6>\r\n<p style=\"text-align: center;\">3 Zimmer EG Wohnung M\u00fcnchen Sendling Vermietet.<\/p>\r\n<h6 style=\"text-align: center;\">\/\/Villa Rose\/\/<\/h6>\r\n<p style=\"text-align: center;\">Ferienhaus in Bardolino.\u00a0 6 Gehminuten vom Centro Storico oder Lungolago Bardolino entfernt. Buchbar z.B. \u00fcber Tripadvisor, Booking.com oder Domus Rental. Villa Rose with Pool Bardolino im Google eingeben.<\/p>\r\n<h6 style=\"text-align: center;\">\/\/BirkeN\/\/<\/h6>\r\n<p style=\"text-align: center;\">Reiheneckhaus Neuried. Vermietet.<\/p>\r\n<p style=\"text-align: center;\">\u00a0<\/p>\r\n<h5 style=\"text-align: center;\">\u00a0<\/h5>\r\n<h5 style=\"text-align: center;\">\u00a0<\/h5>\r\n<p style=\"text-align: center;\">\u00a0<\/p>","protected":false},"excerpt":{"rendered":"<p>Derzeit haben wir folgende Objekte in der Verwaltung: Gewerbe: \/\/Das HandwerksQuartier \/\/\u00a0 Werkst\u00e4tten, Ateliers, Handel und Handwerk. Gewerbeparzellen und B\u00fcros kurz- und langfristig anmietbar. Freie Fl\u00e4chen und Mietangebote in Immowelt zu finden unter B\u00fcro\/Praxen Geretsried\u00a0 Dieselweg 12 \/\/Die Werk-Statt\/\/ \u00a0\u00a0\u00a0 Gewerbehalle Geretsried. Vermietet Wohnobjekte: \/\/PaulKlee\/\/ Reihenmittelhaus in Markt Schwaben,\u00a0 Vermietet. \/\/Alpspitz\/\/ 2 Doppelhaush\u00e4lften Stadt Geretsried. [&hellip;]<\/p>\n","protected":false},"author":3,"featured_media":0,"parent":0,"menu_order":0,"comment_status":"closed","ping_status":"closed","template":"","meta":[],"_links":{"self":[{"href":"https:\/\/handwerksquartier.de\/index.php\/wp-json\/wp\/v2\/pages\/96"}],"collection":[{"href":"https:\/\/handwerksquartier.de\/index.php\/wp-json\/wp\/v2\/pages"}],"about":[{"href":"https:\/\/handwerksquartier.de\/index.php\/wp-json\/wp\/v2\/types\/page"}],"author":[{"embeddable":true,"href":"https:\/\/handwerksquartier.de\/index.php\/wp-json\/wp\/v2\/users\/3"}],"replies":[{"embeddable":true,"href":"https:\/\/handwerksquartier.de\/index.php\/wp-json\/wp\/v2\/comments?post=96"}],"version-history":[{"count":9,"href":"https:\/\/handwerksquartier.de\/index.php\/wp-json\/wp\/v2\/pages\/96\/revisions"}],"predecessor-version":[{"id":160,"href":"https:\/\/handwerksquartier.de\/index.php\/wp-json\/wp\/v2\/pages\/96\/revisions\/160"}],"wp:attachment":[{"href":"https:\/\/handwerksquartier.de\/index.php\/wp-json\/wp\/v2\/media?parent=96"}],"curies":[{"name":"wp","href":"https:\/\/api.w.org\/{rel}","templated":true}]}}