
{"id":94,"date":"2023-07-02T14:14:20","date_gmt":"2023-07-02T12:14:20","guid":{"rendered":"https:\/\/handwerksquartier.de\/?page_id=94"},"modified":"2023-08-03T14:45:37","modified_gmt":"2023-08-03T12:45:37","slug":"verwaltung","status":"publish","type":"page","link":"https:\/\/handwerksquartier.de\/index.php\/verwaltung\/","title":{"rendered":"Verwaltung"},"content":{"rendered":"<h4 style=\"text-align: center;\">Die Verm\u00f6gensverwaltung\u00a0 kauft, renoviert, vermietet und h\u00e4lt Immobilien\u00a0 im Bestand.<\/h4>\n<h4 style=\"text-align: center;\">Unsere Philosophie ist die Erhaltung und Instandsetzung von Objekten, ohne den Charme zu zerst\u00f6ren. Nicht alles hat einen Abriss verdient !<\/h4>\n<h4 style=\"text-align: center;\">Es ist nicht \u00f6konomisch, funktionsf\u00e4hige Strukturen zu zerst\u00f6ren wenn die Gesamtsubstanz erhaltenswert ist.<\/h4>\n<h4 style=\"text-align: center;\">Nach Neugestaltung werden diese Immobilien dem Mietmarkt mit bezahlbaren Mieten und l\u00e4ngerfristigen Mietvertr\u00e4gen zugef\u00fchrt.<\/h4>\n<h4 style=\"text-align: center;\">Allerdings m\u00fcssen\u00a0 wir\u00a0 gewinnorientiert arbeiten und trennen uns dann auch manchmal wieder von Objekten, wenn das Angebot stimmt. Aber nie zum Nachteil unserer Mieter.<\/h4>\n<p>&nbsp;<\/p>\n","protected":false},"excerpt":{"rendered":"<p>Die Verm\u00f6gensverwaltung\u00a0 kauft, renoviert, vermietet und h\u00e4lt Immobilien\u00a0 im Bestand. Unsere Philosophie ist die Erhaltung und Instandsetzung von Objekten, ohne den Charme zu zerst\u00f6ren. Nicht alles hat einen Abriss verdient ! Es ist nicht \u00f6konomisch, funktionsf\u00e4hige Strukturen zu zerst\u00f6ren wenn die Gesamtsubstanz erhaltenswert ist. Nach Neugestaltung werden diese Immobilien dem Mietmarkt mit bezahlbaren Mieten und [&hellip;]<\/p>\n","protected":false},"author":3,"featured_media":0,"parent":0,"menu_order":0,"comment_status":"closed","ping_status":"closed","template":"","meta":[],"_links":{"self":[{"href":"https:\/\/handwerksquartier.de\/index.php\/wp-json\/wp\/v2\/pages\/94"}],"collection":[{"href":"https:\/\/handwerksquartier.de\/index.php\/wp-json\/wp\/v2\/pages"}],"about":[{"href":"https:\/\/handwerksquartier.de\/index.php\/wp-json\/wp\/v2\/types\/page"}],"author":[{"embeddable":true,"href":"https:\/\/handwerksquartier.de\/index.php\/wp-json\/wp\/v2\/users\/3"}],"replies":[{"embeddable":true,"href":"https:\/\/handwerksquartier.de\/index.php\/wp-json\/wp\/v2\/comments?post=94"}],"version-history":[{"count":3,"href":"https:\/\/handwerksquartier.de\/index.php\/wp-json\/wp\/v2\/pages\/94\/revisions"}],"predecessor-version":[{"id":137,"href":"https:\/\/handwerksquartier.de\/index.php\/wp-json\/wp\/v2\/pages\/94\/revisions\/137"}],"wp:attachment":[{"href":"https:\/\/handwerksquartier.de\/index.php\/wp-json\/wp\/v2\/media?parent=94"}],"curies":[{"name":"wp","href":"https:\/\/api.w.org\/{rel}","templated":true}]}}